{"id":2468,"date":"2009-11-08T12:01:53","date_gmt":"2009-11-08T11:01:53","guid":{"rendered":"https:\/\/www.iitr.de\/blog\/?page_id=2468"},"modified":"2024-05-24T13:17:58","modified_gmt":"2024-05-24T11:17:58","slug":"literatur-zum-datenschutzrecht","status":"publish","type":"page","link":"https:\/\/www.iitr.de\/blog\/literatur-zum-datenschutzrecht\/","title":{"rendered":"Literatur zum Datenschutzrecht"},"content":{"rendered":"<p>Auf dieser Seite finden Sie von mir ausgew\u00e4hlte Literatur zum Datenschutz und Datenschutzrecht.<\/p>\n<p>Schreiben Sie mir einfach <a href=\"https:\/\/www.iitr.de\/kontakt.html\" target=\"_self\" rel=\"noopener noreferrer\">an diese Adresse<\/a>, wenn Sie mir Rezensionsexemplare zusenden wollen oder Vorschl\u00e4ge haben, welche Kommentare, B\u00fccher oder Zeitschriften aufgenommen werden sollten. S\u00e4mtliche Angaben in der Liste sind ohne Gew\u00e4hr.<\/p>\n<p>Titelempfehlungen in Kooperation mit <a onmousedown=\"ET_Event.click('schweitzer', 'schweitzer')\" href=\"https:\/\/www.schweitzer-online.de\/\" target=\"_blank\" rel=\"noopener noreferrer\">Schweitzer Fachinformationen<\/a> <a onmousedown=\"ET_Event.click('schweitzer', 'schweitzer')\" href=\"https:\/\/www.schweitzer-online.de\/\" target=\"_blank\" rel=\"noopener noreferrer\"><img loading=\"lazy\" decoding=\"async\" style=\"vertical-align: middle;\" title=\"schweitzer-klein\" src=\"https:\/\/www.iitr.de\/blog\/wp-content\/uploads\/2009\/11\/schweitzer-klein.jpg\" alt=\"\" width=\"65\" height=\"18\" \/><\/a>.<\/p>\n<blockquote><p><strong>\u00dcbersicht<\/strong><br \/>\n(1) Standard-Kommentare zum Bundesdatenschutzgesetz<br \/>\n(2) Zeitschriften zum Datenschutzrecht<br \/>\n(3) B\u00fccher zu datenschutzrechtlichen Themen<br \/>\n(4) Vorschriftensammlungen zum Datenschutz<\/p><\/blockquote>\n<p><strong>(1) Standard-Kommentare zum Bundesdatenschutzgesetz<\/strong><\/p>\n<p style=\"padding-left: 30px;\"><em>Simitis<\/em>, Bundesdatenschutzgesetz, 6. Auflage, Nomos Verlag, 158,- Euro. <a onmousedown=\"ET_Event.click('schweitzer', 'schweitzer')\" href=\"https:\/\/www.schweitzer-online.de\/iconparc\/webmed\/vs=shop\/StoreFront\/search\/main.ipm?search=connect_expert&#038;init=0&#038;button_generic=result&#038;search_name_for_logging=quick&#038;is_fallback=y&#038;connect_expert_isbn=9783832913762\" target=\"_blank\" rel=\"noopener noreferrer\">Weitere Details zum Titel und Bestellm\u00f6glichkeiten&#8230;<\/a><\/p>\n<p style=\"padding-left: 30px;\"><em>Gola\/Schomerus<\/em>, Bundesdatenschutzgesetz, 10. Auflage, C. H. Beck Verlag, 54,- Euro. <a onmousedown=\"ET_Event.click('schweitzer', 'schweitzer')\" href=\"https:\/\/www.schweitzer-online.de\/iconparc\/webmed\/vs=shop\/StoreFront\/search\/main.ipm?search=connect_expert&#038;init=0&#038;button_generic=result&#038;search_name_for_logging=quick&#038;is_fallback=y&#038;connect_expert_isbn=9783406598340\" target=\"_blank\" rel=\"noopener noreferrer\">Weitere Details zum Titel und Bestellm\u00f6glichkeiten\u2026<\/a><\/p>\n<p style=\"padding-left: 30px;\"><em>Bergmann\/M\u00f6hrle\/Herb<\/em>, Datenschutzrecht, Loseblattsammlung, Boorberg Verlag, 84,- Euro (zzgl. laufende Erg\u00e4nzungslieferungen). <a onmousedown=\"ET_Event.click('schweitzer', 'schweitzer')\" href=\"https:\/\/www.schweitzer-online.de\/iconparc\/webmed\/vs=shop\/StoreFront\/search\/main.ipm?search=connect_expert&#038;init=0&#038;button_generic=result&#038;search_name_for_logging=quick&#038;is_fallback=y&#038;connect_expert_isbn=9783415006164\" target=\"_blank\" rel=\"noopener noreferrer\">Weitere Details zum Titel und Bestellm\u00f6glichkeiten\u2026<\/a><\/p>\n<p style=\"padding-left: 30px;\"><em>Schaffland\/Wiltfang<\/em>, Bundesdatenschutzgesetz, Loseblattsammlung, Erich Schmidt Verlag, 98,- Euro (zzgl. laufende Erg\u00e4nzungslieferungen). <a onmousedown=\"ET_Event.click('schweitzer', 'schweitzer')\" href=\"https:\/\/www.schweitzer-online.de\/iconparc\/webmed\/vs=shop\/StoreFront\/search\/main.ipm?search=connect_expert&#038;init=0&#038;button_generic=result&#038;search_name_for_logging=quick&#038;is_fallback=y&#038;connect_expert_isbn=9783503015184\" target=\"_blank\" rel=\"noopener noreferrer\">Weitere Details zum Titel und Bestellm\u00f6glichkeiten\u2026<\/a><\/p>\n<p><strong>(2) Zeitschriften zum Datenschutzrecht<\/strong><\/p>\n<p style=\"padding-left: 30px;\">DuD-Datenschutz und Datensicherheit, Springer Fachmedien Wiesbaden GmbH, Jahresabonnement 299,- Euro (zzgl. Versandkosten). <a onmousedown=\"ET_Event.click('schweitzer', 'schweitzer')\" href=\"https:\/\/www.schweitzer-online.de\/iconparc\/webmed\/vs=shop\/StoreFront\/search\/main.ipm?search=connect_expert&#038;init=0&#038;button_generic=result&#038;search_name_for_logging=quick&#038;is_fallback=y&#038;connect_expert_isbn=16140702\" target=\"_blank\" rel=\"noopener noreferrer\">Weitere Details zum Titel und Bestellm\u00f6glichkeiten\u2026<\/a><\/p>\n<p style=\"padding-left: 30px;\">Datenschutz Praxis, WEKA media, Jahresabonnement 83,46 Euro. <a onmousedown=\"ET_Event.click('schweitzer', 'schweitzer')\" href=\"https:\/\/www.schweitzer-online.de\/iconparc\/webmed\/vs=shop\/StoreFront\/search\/main.ipm?search=connect_expert&#038;init=0&#038;button_generic=result&#038;search_name_for_logging=quick&#038;is_fallback=y&#038;connect_expert_isbn=9783824590926\" target=\"_blank\" rel=\"noopener noreferrer\">Weitere Details zum Titel und Bestellm\u00f6glichkeiten\u2026<\/a><\/p>\n<p style=\"padding-left: 30px;\">MultiMedia und Recht (MMR), C.H. Beck Verlag, Jahresabonnement 340,- Euro (zzgl. Versandkosten). <a onmousedown=\"ET_Event.click('schweitzer', 'schweitzer')\" href=\"https:\/\/www.schweitzer-online.de\/iconparc\/webmed\/vs=shop\/StoreFront\/search\/main.ipm?search=connect_expert&#038;init=0&#038;button_generic=result&#038;search_name_for_logging=quick&#038;is_fallback=y&#038;connect_expert_isbn=1434596\" target=\"_blank\" rel=\"noopener noreferrer\">Weitere Details zum Titel und Bestellm\u00f6glichkeiten\u2026<\/a><\/p>\n<p style=\"padding-left: 30px;\">Datenschutz-Berater, Handelsblatt Verlag, Jahresabonnement 234,- Euro (zzgl. Versandkosten). <a onmousedown=\"ET_Event.click('schweitzer', 'schweitzer')\" href=\"https:\/\/www.schweitzer-online.de\/iconparc\/webmed\/vs=shop\/StoreFront\/search\/main.ipm?search=connect_expert&#038;init=0&#038;button_generic=result&#038;search_name_for_logging=quick&#038;is_fallback=y&#038;connect_expert_isbn=01707256\" target=\"_blank\" rel=\"noopener noreferrer\">Weitere Details zum Titel und Bestellm\u00f6glichkeiten\u2026<\/a><\/p>\n<p style=\"padding-left: 30px;\">Recht der Datenverarbeitung RDV, DATAKONTEXT Verlag, Jahresabonnement 147,90 Euro. <a onmousedown=\"ET_Event.click('schweitzer', 'schweitzer')\" href=\"https:\/\/www.schweitzer-online.de\/iconparc\/webmed\/vs=shop\/StoreFront\/search\/main.ipm?search=connect_expert&#038;init=0&#038;button_generic=result&#038;search_name_for_logging=quick&#038;is_fallback=y&#038;connect_expert_isbn=01788930\" target=\"_blank\" rel=\"noopener noreferrer\">Weitere Details zum Titel und Bestellm\u00f6glichkeiten\u2026<\/a><\/p>\n<p style=\"padding-left: 30px;\">Computer und Recht, Dr. Otto Schmidt Verlag, Jahresabonnement 349,- Euro (zzgl. Versandkosten). <a onmousedown=\"ET_Event.click('schweitzer', 'schweitzer')\" href=\"https:\/\/www.schweitzer-online.de\/iconparc\/webmed\/vs=shop\/StoreFront\/search\/main.ipm?search=connect_expert&#038;init=0&#038;button_generic=result&#038;search_name_for_logging=quick&#038;is_fallback=y&#038;connect_expert_isbn=01791990\" target=\"_blank\" rel=\"noopener noreferrer\">Weitere Details zum Titel und Bestellm\u00f6glichkeiten\u2026<\/a><\/p>\n<p><strong>(3) B\u00fccher zu datenschutzrechtlichen Themen<\/strong><\/p>\n<p style=\"padding-left: 30px;\"><em>Claessen<\/em>, Datenschutz in der Evangelischen Kirche, Luchterhand Verlag, 24,- Euro. <a onmousedown=\"ET_Event.click('schweitzer', 'schweitzer')\" href=\"https:\/\/www.schweitzer-online.de\/iconparc\/webmed\/vs=shop\/StoreFront\/search\/main.ipm?search=connect_expert&#038;init=0&#038;button_generic=result&#038;search_name_for_logging=quick&#038;is_fallback=y&#038;connect_expert_isbn=9783472058144\" target=\"_blank\" rel=\"noopener noreferrer\">Weitere Details zum Titel und Bestellm\u00f6glichkeiten\u2026<\/a><\/p>\n<p style=\"padding-left: 30px;\"><em>Ehmann<\/em>, Datenschutz kompakt, Loseblattsammlung, WEKA Verlag, 158,36 Euro. <a onmousedown=\"ET_Event.click('schweitzer', 'schweitzer')\" href=\"https:\/\/www.schweitzer-online.de\/iconparc\/webmed\/vs=shop\/StoreFront\/search\/main.ipm?search=connect_expert&#038;init=0&#038;button_generic=result&#038;search_name_for_logging=quick&#038;is_fallback=y&#038;connect_expert_isbn=9783824519200\" target=\"_blank\" rel=\"noopener noreferrer\">Weitere Details zum Titel und Bestellm\u00f6glichkeiten\u2026<\/a><\/p>\n<p style=\"padding-left: 30px;\"><em>Geis\/Helfrich<\/em>, Datenschutzrecht, C. H. Beck Verlag, 32,- Euro. <a onmousedown=\"ET_Event.click('schweitzer', 'schweitzer')\" href=\"https:\/\/www.schweitzer-online.de\/iconparc\/webmed\/vs=shop\/StoreFront\/search\/main.ipm?search=connect_expert&#038;init=0&#038;button_generic=result&#038;search_name_for_logging=quick&#038;is_fallback=y&#038;connect_expert_isbn=9783406470745\" target=\"_blank\" rel=\"noopener noreferrer\">Weitere Details zum Titel und Bestellm\u00f6glichkeiten\u2026<\/a><\/p>\n<p style=\"padding-left: 30px;\"><em>Gola<\/em>, Datenschutz und Multimedia am Arbeitsplatz, DATAKONTEXT Verlag, 39,95 Euro. <a onmousedown=\"ET_Event.click('schweitzer', 'schweitzer')\" href=\"https:\/\/www.schweitzer-online.de\/iconparc\/webmed\/vs=shop\/StoreFront\/search\/main.ipm?search=connect_expert&#038;init=0&#038;button_generic=result&#038;search_name_for_logging=quick&#038;is_fallback=y&#038;connect_expert_isbn=9783895775819\" target=\"_blank\" rel=\"noopener noreferrer\">Weitere Details zum Titel und Bestellm\u00f6glichkeiten\u2026<\/a><\/p>\n<p style=\"padding-left: 30px;\"><em>Kongehl\/Federrath\/Gre\u00df\/Weck<\/em>, Datenschutz-Management, Loseblattsammlung, Haufe Verlag, 198,- Euro. <a onmousedown=\"ET_Event.click('schweitzer', 'schweitzer')\" href=\"https:\/\/www.schweitzer-online.de\/iconparc\/webmed\/vs=shop\/StoreFront\/search\/main.ipm?search=connect_expert&#038;init=0&#038;button_generic=result&#038;search_name_for_logging=quick&#038;is_fallback=y&#038;connect_expert_isbn=9783809217053\" target=\"_blank\" rel=\"noopener noreferrer\">Weitere Details zum Titel und Bestellm\u00f6glichkeiten\u2026<\/a><\/p>\n<p style=\"padding-left: 30px;\"><em>Kreis Hamburger Datensch\u00fctzer<\/em>,\u00a0E-Marketing und Datenschutz,\u00a042,- Euro zzgl. USt. <a href=\"https:\/\/www.iitr.de\/blog\/wp-content\/uploads\/2009\/11\/E-Marketing-Datenschutz.pdf\" target=\"_blank\" rel=\"noopener noreferrer\">Weitere Details zum Titel und Bestellm\u00f6glichkeiten\u2026<\/a><\/p>\n<p style=\"padding-left: 30px;\"><em>Ro\u00dfnagel<\/em>, Handbuch Datenschutzrecht, C. H. Beck Verlag, 174,- Euro. <a onmousedown=\"ET_Event.click('schweitzer', 'schweitzer')\" href=\"https:\/\/www.schweitzer-online.de\/iconparc\/webmed\/vs=shop\/StoreFront\/search\/main.ipm?search=connect_expert&#038;init=0&#038;button_generic=result&#038;search_name_for_logging=quick&#038;is_fallback=y&#038;connect_expert_isbn=9783406484414\" target=\"_blank\" rel=\"noopener noreferrer\">Weitere Details zum Titel und Bestellm\u00f6glichkeiten\u2026<\/a><\/p>\n<p style=\"padding-left: 30px;\"><em>Schmidl<\/em>, IT-Recht von A-Z, C. H. Beck Verlag, 20,- Euro. <a onmousedown=\"ET_Event.click('schweitzer', 'schweitzer')\" href=\"https:\/\/www.schweitzer-online.de\/iconparc\/webmed\/vs=shop\/StoreFront\/search\/main.ipm?search=connect_expert&#038;init=0&#038;button_generic=result&#038;search_name_for_logging=quick&#038;is_fallback=y&#038;connect_expert_isbn=9783406569050\" target=\"_blank\" rel=\"noopener noreferrer\">Weitere Details zum Titel und Bestellm\u00f6glichkeiten\u2026<\/a><\/p>\n<p style=\"padding-left: 30px;\"><em>Witt<\/em>, Datenschutz kompakt und verst\u00e4ndlich, Eine praxisorientierte Einf\u00fchrung, 2. Auflage, Vieweg + Teubner Verlag, 23,95 Euro. <a onmousedown=\"ET_Event.click('schweitzer', 'schweitzer')\" href=\"https:\/\/www.schweitzer-online.de\/iconparc\/webmed\/vs=shop\/StoreFront\/search\/main.ipm?search=connect_expert&#038;init=0&#038;button_generic=result&#038;search_name_for_logging=quick&#038;is_fallback=y&#038;connect_expert_isbn=9783834812254\" target=\"_blank\" rel=\"noopener noreferrer\">Weitere Details zum Titel und Bestellm\u00f6glichkeiten\u2026<\/a><\/p>\n<p><strong>(4) Vorschriftensammlungen zum Datenschutz<\/strong><\/p>\n<p style=\"padding-left: 30px;\">Datenschutz, Vorschriftensammlung, T\u00dcV-Verlag, 15,90 Euro. <a onmousedown=\"ET_Event.click('schweitzer', 'schweitzer')\" href=\"https:\/\/www.schweitzer-online.de\/iconparc\/webmed\/vs=shop\/StoreFront\/search\/main.ipm?search=connect_expert&#038;init=0&#038;button_generic=result&#038;search_name_for_logging=quick&#038;is_fallback=y&#038;connect_expert_isbn=9783824911035\" target=\"_blank\" rel=\"noopener noreferrer\">Weitere Details zum Titel und Bestellm\u00f6glichkeiten\u2026<\/a><\/p>\n<p style=\"padding-left: 30px;\">Gesundheitsdatenschutz &#8211; Eine Vorschriftensammlung, T\u00dcV-Verlag, 19,90 Euro.\u00a0<a href=\"https:\/\/www.schweitzer-online.de\/iconparc\/webmed\/vs=shop\/StoreFront\/search\/main.ipm?search=connect_expert&#038;init=0&#038;button_generic=result&#038;search_name_for_logging=quick&#038;is_fallback=y&#038;connect_expert_isbn=9783824914067\" target=\"_blank\" rel=\"noopener noreferrer\">Weitere Details zum Titel und Bestellm\u00f6glichkeiten\u2026<\/a><\/p>\n<blockquote>\n<p>Rechtsanwalt Dr. Sebastian Kraska<br \/>\nExterner Datenschutzbeauftragter&nbsp;<\/p>\n<p>Telefon: 089-1891 7360<br \/>\nInternet: <a href=\"https:\/\/www.iitr.de\/\" target=\"_blank\" rel=\"noopener noreferrer\">www.iitr.de<\/a><\/p>\n<\/blockquote>\n","protected":false},"excerpt":{"rendered":"<p>Auf dieser Seite finden Sie von mir ausgew\u00e4hlte Literatur zum Datenschutz und Datenschutzrecht. Schreiben Sie mir einfach an diese Adresse, wenn Sie mir Rezensionsexemplare zusenden wollen oder Vorschl\u00e4ge haben, welche Kommentare, B\u00fccher oder Zeitschriften aufgenommen werden sollten. S\u00e4mtliche Angaben in der Liste sind ohne Gew\u00e4hr. Titelempfehlungen in Kooperation mit Schweitzer Fachinformationen . \u00dcbersicht (1) Standard-Kommentare &hellip; <a href=\"https:\/\/www.iitr.de\/blog\/literatur-zum-datenschutzrecht\/\" class=\"more-link\"><span class=\"screen-reader-text\">Literatur zum Datenschutzrecht<\/span> weiterlesen<\/a><\/p>\n","protected":false},"author":14,"featured_media":0,"parent":0,"menu_order":0,"comment_status":"open","ping_status":"open","template":"","meta":{"_acf_changed":false,"footnotes":""},"class_list":["post-2468","page","type-page","status-publish","hentry"],"acf":[],"yoast_head":"<!-- This site is optimized with the Yoast SEO plugin v26.0 - https:\/\/yoast.com\/wordpress\/plugins\/seo\/ -->\n<title>Literatur zum Datenschutzrecht - Datenschutzbeauftragte<\/title>\n<meta name=\"description\" content=\"\u00dcbersicht mit Literaturempfehlungen zu Datenschutz und Datenschutzrecht f\u00fcr Datenschutzbeauftragte, Rechtsanw\u00e4lte und Datenschutzinteressierte.\" \/>\n<meta name=\"robots\" content=\"index, follow, max-snippet:-1, max-image-preview:large, max-video-preview:-1\" \/>\n<link rel=\"canonical\" href=\"https:\/\/www.iitr.de\/blog\/literatur-zum-datenschutzrecht\/\" \/>\n<meta property=\"og:locale\" content=\"de_DE\" \/>\n<meta property=\"og:type\" content=\"article\" \/>\n<meta property=\"og:title\" content=\"Literatur zum Datenschutzrecht - Datenschutzbeauftragte\" \/>\n<meta property=\"og:description\" content=\"\u00dcbersicht mit Literaturempfehlungen zu Datenschutz und Datenschutzrecht f\u00fcr Datenschutzbeauftragte, Rechtsanw\u00e4lte und Datenschutzinteressierte.\" \/>\n<meta property=\"og:url\" content=\"https:\/\/www.iitr.de\/blog\/literatur-zum-datenschutzrecht\/\" \/>\n<meta property=\"og:site_name\" content=\"Das Datenschutz-Blog\" \/>\n<meta property=\"article:modified_time\" content=\"2024-05-24T11:17:58+00:00\" \/>\n<meta property=\"og:image\" content=\"https:\/\/www.iitr.de\/blog\/wp-content\/uploads\/2009\/11\/schweitzer-klein.jpg\" \/>\n<meta name=\"twitter:card\" content=\"summary_large_image\" \/>\n<meta name=\"twitter:site\" content=\"@sebkraska\" \/>\n<meta name=\"twitter:label1\" content=\"Gesch\u00e4tzte Lesezeit\" \/>\n\t<meta name=\"twitter:data1\" content=\"3\u00a0Minuten\" \/>\n<script type=\"application\/ld+json\" class=\"yoast-schema-graph\">{\"@context\":\"https:\/\/schema.org\",\"@graph\":[{\"@type\":\"WebPage\",\"@id\":\"https:\/\/www.iitr.de\/blog\/literatur-zum-datenschutzrecht\/\",\"url\":\"https:\/\/www.iitr.de\/blog\/literatur-zum-datenschutzrecht\/\",\"name\":\"Literatur zum Datenschutzrecht - Datenschutzbeauftragte\",\"isPartOf\":{\"@id\":\"https:\/\/www.iitr.de\/blog\/#website\"},\"primaryImageOfPage\":{\"@id\":\"https:\/\/www.iitr.de\/blog\/literatur-zum-datenschutzrecht\/#primaryimage\"},\"image\":{\"@id\":\"https:\/\/www.iitr.de\/blog\/literatur-zum-datenschutzrecht\/#primaryimage\"},\"thumbnailUrl\":\"https:\/\/www.iitr.de\/blog\/wp-content\/uploads\/2009\/11\/schweitzer-klein.jpg\",\"datePublished\":\"2009-11-08T11:01:53+00:00\",\"dateModified\":\"2024-05-24T11:17:58+00:00\",\"description\":\"\u00dcbersicht mit Literaturempfehlungen zu Datenschutz und Datenschutzrecht f\u00fcr Datenschutzbeauftragte, Rechtsanw\u00e4lte und Datenschutzinteressierte.\",\"breadcrumb\":{\"@id\":\"https:\/\/www.iitr.de\/blog\/literatur-zum-datenschutzrecht\/#breadcrumb\"},\"inLanguage\":\"de\",\"potentialAction\":[{\"@type\":\"ReadAction\",\"target\":[\"https:\/\/www.iitr.de\/blog\/literatur-zum-datenschutzrecht\/\"]}]},{\"@type\":\"ImageObject\",\"inLanguage\":\"de\",\"@id\":\"https:\/\/www.iitr.de\/blog\/literatur-zum-datenschutzrecht\/#primaryimage\",\"url\":\"https:\/\/www.iitr.de\/blog\/wp-content\/uploads\/2009\/11\/schweitzer-klein.jpg\",\"contentUrl\":\"https:\/\/www.iitr.de\/blog\/wp-content\/uploads\/2009\/11\/schweitzer-klein.jpg\",\"width\":\"65\",\"height\":\"18\"},{\"@type\":\"BreadcrumbList\",\"@id\":\"https:\/\/www.iitr.de\/blog\/literatur-zum-datenschutzrecht\/#breadcrumb\",\"itemListElement\":[{\"@type\":\"ListItem\",\"position\":1,\"name\":\"Startseite\",\"item\":\"https:\/\/www.iitr.de\/blog\/\"},{\"@type\":\"ListItem\",\"position\":2,\"name\":\"Literatur zum Datenschutzrecht\"}]},{\"@type\":\"WebSite\",\"@id\":\"https:\/\/www.iitr.de\/blog\/#website\",\"url\":\"https:\/\/www.iitr.de\/blog\/\",\"name\":\"Das Datenschutz-Blog\",\"description\":\"IITR\",\"publisher\":{\"@id\":\"https:\/\/www.iitr.de\/blog\/#organization\"},\"potentialAction\":[{\"@type\":\"SearchAction\",\"target\":{\"@type\":\"EntryPoint\",\"urlTemplate\":\"https:\/\/www.iitr.de\/blog\/?s={search_term_string}\"},\"query-input\":{\"@type\":\"PropertyValueSpecification\",\"valueRequired\":true,\"valueName\":\"search_term_string\"}}],\"inLanguage\":\"de\"},{\"@type\":\"Organization\",\"@id\":\"https:\/\/www.iitr.de\/blog\/#organization\",\"name\":\"IITR Datenschutz GmbH\",\"url\":\"https:\/\/www.iitr.de\/blog\/\",\"logo\":{\"@type\":\"ImageObject\",\"inLanguage\":\"de\",\"@id\":\"https:\/\/www.iitr.de\/blog\/#\/schema\/logo\/image\/\",\"url\":\"https:\/\/www.iitr.de\/blog\/wp-content\/uploads\/2020\/09\/externer-datenschutzbeauftragter-iitr-gross.jpg\",\"contentUrl\":\"https:\/\/www.iitr.de\/blog\/wp-content\/uploads\/2020\/09\/externer-datenschutzbeauftragter-iitr-gross.jpg\",\"width\":294,\"height\":100,\"caption\":\"IITR Datenschutz GmbH\"},\"image\":{\"@id\":\"https:\/\/www.iitr.de\/blog\/#\/schema\/logo\/image\/\"},\"sameAs\":[\"https:\/\/x.com\/sebkraska\",\"https:\/\/www.youtube.com\/user\/datenschutzvideos\/\"]}]}<\/script>\n<!-- \/ Yoast SEO plugin. -->","yoast_head_json":{"title":"Literatur zum Datenschutzrecht - Datenschutzbeauftragte","description":"\u00dcbersicht mit Literaturempfehlungen zu Datenschutz und Datenschutzrecht f\u00fcr Datenschutzbeauftragte, Rechtsanw\u00e4lte und Datenschutzinteressierte.","robots":{"index":"index","follow":"follow","max-snippet":"max-snippet:-1","max-image-preview":"max-image-preview:large","max-video-preview":"max-video-preview:-1"},"canonical":"https:\/\/www.iitr.de\/blog\/literatur-zum-datenschutzrecht\/","og_locale":"de_DE","og_type":"article","og_title":"Literatur zum Datenschutzrecht - Datenschutzbeauftragte","og_description":"\u00dcbersicht mit Literaturempfehlungen zu Datenschutz und Datenschutzrecht f\u00fcr Datenschutzbeauftragte, Rechtsanw\u00e4lte und Datenschutzinteressierte.","og_url":"https:\/\/www.iitr.de\/blog\/literatur-zum-datenschutzrecht\/","og_site_name":"Das Datenschutz-Blog","article_modified_time":"2024-05-24T11:17:58+00:00","og_image":[{"url":"https:\/\/www.iitr.de\/blog\/wp-content\/uploads\/2009\/11\/schweitzer-klein.jpg","type":"","width":"","height":""}],"twitter_card":"summary_large_image","twitter_site":"@sebkraska","twitter_misc":{"Gesch\u00e4tzte Lesezeit":"3\u00a0Minuten"},"schema":{"@context":"https:\/\/schema.org","@graph":[{"@type":"WebPage","@id":"https:\/\/www.iitr.de\/blog\/literatur-zum-datenschutzrecht\/","url":"https:\/\/www.iitr.de\/blog\/literatur-zum-datenschutzrecht\/","name":"Literatur zum Datenschutzrecht - Datenschutzbeauftragte","isPartOf":{"@id":"https:\/\/www.iitr.de\/blog\/#website"},"primaryImageOfPage":{"@id":"https:\/\/www.iitr.de\/blog\/literatur-zum-datenschutzrecht\/#primaryimage"},"image":{"@id":"https:\/\/www.iitr.de\/blog\/literatur-zum-datenschutzrecht\/#primaryimage"},"thumbnailUrl":"https:\/\/www.iitr.de\/blog\/wp-content\/uploads\/2009\/11\/schweitzer-klein.jpg","datePublished":"2009-11-08T11:01:53+00:00","dateModified":"2024-05-24T11:17:58+00:00","description":"\u00dcbersicht mit Literaturempfehlungen zu Datenschutz und Datenschutzrecht f\u00fcr Datenschutzbeauftragte, Rechtsanw\u00e4lte und Datenschutzinteressierte.","breadcrumb":{"@id":"https:\/\/www.iitr.de\/blog\/literatur-zum-datenschutzrecht\/#breadcrumb"},"inLanguage":"de","potentialAction":[{"@type":"ReadAction","target":["https:\/\/www.iitr.de\/blog\/literatur-zum-datenschutzrecht\/"]}]},{"@type":"ImageObject","inLanguage":"de","@id":"https:\/\/www.iitr.de\/blog\/literatur-zum-datenschutzrecht\/#primaryimage","url":"https:\/\/www.iitr.de\/blog\/wp-content\/uploads\/2009\/11\/schweitzer-klein.jpg","contentUrl":"https:\/\/www.iitr.de\/blog\/wp-content\/uploads\/2009\/11\/schweitzer-klein.jpg","width":"65","height":"18"},{"@type":"BreadcrumbList","@id":"https:\/\/www.iitr.de\/blog\/literatur-zum-datenschutzrecht\/#breadcrumb","itemListElement":[{"@type":"ListItem","position":1,"name":"Startseite","item":"https:\/\/www.iitr.de\/blog\/"},{"@type":"ListItem","position":2,"name":"Literatur zum Datenschutzrecht"}]},{"@type":"WebSite","@id":"https:\/\/www.iitr.de\/blog\/#website","url":"https:\/\/www.iitr.de\/blog\/","name":"Das Datenschutz-Blog","description":"IITR","publisher":{"@id":"https:\/\/www.iitr.de\/blog\/#organization"},"potentialAction":[{"@type":"SearchAction","target":{"@type":"EntryPoint","urlTemplate":"https:\/\/www.iitr.de\/blog\/?s={search_term_string}"},"query-input":{"@type":"PropertyValueSpecification","valueRequired":true,"valueName":"search_term_string"}}],"inLanguage":"de"},{"@type":"Organization","@id":"https:\/\/www.iitr.de\/blog\/#organization","name":"IITR Datenschutz GmbH","url":"https:\/\/www.iitr.de\/blog\/","logo":{"@type":"ImageObject","inLanguage":"de","@id":"https:\/\/www.iitr.de\/blog\/#\/schema\/logo\/image\/","url":"https:\/\/www.iitr.de\/blog\/wp-content\/uploads\/2020\/09\/externer-datenschutzbeauftragter-iitr-gross.jpg","contentUrl":"https:\/\/www.iitr.de\/blog\/wp-content\/uploads\/2020\/09\/externer-datenschutzbeauftragter-iitr-gross.jpg","width":294,"height":100,"caption":"IITR Datenschutz GmbH"},"image":{"@id":"https:\/\/www.iitr.de\/blog\/#\/schema\/logo\/image\/"},"sameAs":["https:\/\/x.com\/sebkraska","https:\/\/www.youtube.com\/user\/datenschutzvideos\/"]}]}},"_links":{"self":[{"href":"https:\/\/www.iitr.de\/blog\/wp-json\/wp\/v2\/pages\/2468","targetHints":{"allow":["GET"]}}],"collection":[{"href":"https:\/\/www.iitr.de\/blog\/wp-json\/wp\/v2\/pages"}],"about":[{"href":"https:\/\/www.iitr.de\/blog\/wp-json\/wp\/v2\/types\/page"}],"author":[{"embeddable":true,"href":"https:\/\/www.iitr.de\/blog\/wp-json\/wp\/v2\/users\/14"}],"replies":[{"embeddable":true,"href":"https:\/\/www.iitr.de\/blog\/wp-json\/wp\/v2\/comments?post=2468"}],"version-history":[{"count":48,"href":"https:\/\/www.iitr.de\/blog\/wp-json\/wp\/v2\/pages\/2468\/revisions"}],"predecessor-version":[{"id":21161,"href":"https:\/\/www.iitr.de\/blog\/wp-json\/wp\/v2\/pages\/2468\/revisions\/21161"}],"wp:attachment":[{"href":"https:\/\/www.iitr.de\/blog\/wp-json\/wp\/v2\/media?parent=2468"}],"curies":[{"name":"wp","href":"https:\/\/api.w.org\/{rel}","templated":true}]}}