{"id":22649,"date":"2025-06-02T13:41:35","date_gmt":"2025-06-02T11:41:35","guid":{"rendered":"https:\/\/www.iitr.de\/blog\/?page_id=22649"},"modified":"2025-06-02T13:41:35","modified_gmt":"2025-06-02T11:41:35","slug":"volkszaehlungsurteil","status":"publish","type":"page","link":"https:\/\/www.iitr.de\/blog\/volkszaehlungsurteil\/","title":{"rendered":"Volksz\u00e4hlungsurteil"},"content":{"rendered":"<p>Das Volksz\u00e4hlungsurteil ist eine Grundsatzentscheidung des Bundesverfassungsgerichts vom 15.\u00a0Dezember 1983,\u00a0mit der das\u00a0Grundrecht\u00a0auf\u00a0<a href=\"https:\/\/de.wikipedia.org\/wiki\/Informationelle_Selbstbestimmung\" target=\"_blank\" rel=\"noopener\">informationelle Selbstbestimmung<\/a>\u00a0als Ausfluss des\u00a0<a href=\"https:\/\/de.wikipedia.org\/wiki\/Allgemeines_Pers%C3%B6nlichkeitsrecht\" target=\"_blank\" rel=\"noopener\">allgemeinen Pers\u00f6nlichkeitsrechts<\/a>\u00a0und der\u00a0<a href=\"https:\/\/de.wikipedia.org\/wiki\/Menschenw%C3%BCrde\" target=\"_blank\" rel=\"noopener\">Menschenw\u00fcrde<\/a>\u00a0etabliert wurde. Das Urteil gilt als Meilenstein des\u00a0Datenschutzes. Anlass war eine f\u00fcr April bis Mai 1983 geplante, aufgrund des Urteils erst 1987 modifiziert durchgef\u00fchrte\u00a0Volksz\u00e4hlung in der Bundesrepublik Deutschland.<\/p>\n<h2><strong>Kernaussage<\/strong><\/h2>\n<p>Die Anerkennung des informationellen Selbstbestimmungsrechts als vom Grundgesetz gesch\u00fctztes Gut begr\u00fcndet das Bundesverfassungsgericht aus der Gef\u00e4hrdung der freiheitlichen Grundordnung durch vom Betroffenen unbeherrschte Datensammlungen unter den Bedingungen moderner Informationstechnik. Wer nicht wisse oder beeinflussen k\u00f6nne, welche Informationen bez\u00fcglich seines Verhaltens gespeichert und vorr\u00e4tig gehalten werden, passe aus Vorsicht sein Verhalten an (Panoptismus). Dies beeintr\u00e4chtige nicht nur die individuelle Handlungsfreiheit, sondern auch das Gemeinwohl, da ein freiheitlich demokratisches\u00a0Gemeinwesen\u00a0der selbstbestimmten Mitwirkung seiner B\u00fcrger bed\u00fcrfe.<\/p>\n<p>Die zentrale Stelle der Entscheidung (unter C II 1 a) lautet:<\/p>\n<p><em>\u201eMit dem Recht auf informationelle Selbstbestimmung w\u00e4ren eine Gesellschaftsordnung und eine diese erm\u00f6glichende Rechtsordnung nicht vereinbar, in der B\u00fcrger nicht mehr wissen k\u00f6nnen, wer was wann und bei welcher Gelegenheit \u00fcber sie wei\u00df. Wer unsicher ist, ob abweichende Verhaltensweisen jederzeit notiert und als Information dauerhaft gespeichert, verwendet oder weitergegeben werden, wird versuchen, nicht durch solche Verhaltensweisen aufzufallen. [\u2026] Dies w\u00fcrde nicht nur die individuellen Entfaltungschancen des Einzelnen beeintr\u00e4chtigen, sondern auch das Gemeinwohl, weil Selbstbestimmung eine elementare Funktionsbedingung eines auf Handlungsf\u00e4higkeit und Mitwirkungsf\u00e4higkeit seiner B\u00fcrger begr\u00fcndeten freiheitlichen demokratischen Gemeinwesens ist. Hieraus folgt: Freie Entfaltung der Pers\u00f6nlichkeit setzt unter den modernen Bedingungen der Datenverarbeitung den Schutz des Einzelnen gegen unbegrenzte Erhebung, Speicherung, Verwendung und Weitergabe seiner pers\u00f6nlichen Daten voraus. Dieser Schutz ist daher von dem Grundrecht des\u00a0<a href=\"https:\/\/www.gesetze-im-internet.de\/gg\/art_2.html\">Art.\u00a02<\/a>\u00a0Abs.\u00a01 in Verbindung mit\u00a0<a href=\"https:\/\/www.gesetze-im-internet.de\/gg\/art_1.html\">Art.\u00a01<\/a>\u00a0Abs.\u00a01 GG umfasst. Das Grundrecht gew\u00e4hrleistet insoweit die Befugnis des Einzelnen, grunds\u00e4tzlich selbst \u00fcber die Preisgabe und Verwendung seiner pers\u00f6nlichen Daten zu bestimmen.\u201c<\/em><\/p>\n<p>Weiter hei\u00dft es dort:<\/p>\n<p><em>\u201eWer damit rechnet, da\u00df etwa die Teilnahme an einer Versammlung oder einer B\u00fcrgerinitiative beh\u00f6rdlich registriert wird und da\u00df ihm dadurch Risiken entstehen k\u00f6nnen, wird m\u00f6glicherweise auf eine Aus\u00fcbung seiner entsprechenden Grundrechte (Art. 8, 9 GG) verzichten.\u201c<\/em><\/p>\n<p>Einschr\u00e4nkungen der informationellen Selbstbestimmung sind nur auf gesetzlicher Grundlage, beispielsweise gem\u00e4\u00df\u00a0Mikrozensusgesetz\u00a0oder\u00a0Bundesstatistikgesetz, zul\u00e4ssig. Ausdr\u00fccklich stellte das Bundesverfassungsgericht fest, dass es \u201ekein belangloses Datum\u201c gebe. Vielmehr bed\u00fcrfe die Verwendung aller\u00a0personenbezogenen Daten\u00a0einer besonderen Rechtfertigung.<\/p>\n<h2>Quellen:<\/h2>\n<ul>\n<li><a href=\"https:\/\/de.wikipedia.org\/wiki\/Volksz%C3%A4hlungsurteil\" target=\"_blank\" rel=\"noopener\">Eintrag auf Wikipedia<\/a><\/li>\n<li><a href=\"https:\/\/www.bundesverfassungsgericht.de\/SharedDocs\/Entscheidungen\/DE\/1983\/12\/rs19831215_1bvr020983.html\" target=\"_blank\" rel=\"noopener\">Urteil des Bundesverfassungsgerichts<\/a><\/li>\n<\/ul>\n","protected":false},"excerpt":{"rendered":"<p>Das Volksz\u00e4hlungsurteil ist eine Grundsatzentscheidung des Bundesverfassungsgerichts vom 15.\u00a0Dezember 1983,\u00a0mit der das\u00a0Grundrecht\u00a0auf\u00a0informationelle Selbstbestimmung\u00a0als Ausfluss des\u00a0allgemeinen Pers\u00f6nlichkeitsrechts\u00a0und der\u00a0Menschenw\u00fcrde\u00a0etabliert wurde. Das Urteil gilt als Meilenstein des\u00a0Datenschutzes. Anlass war eine f\u00fcr April bis Mai 1983 geplante, aufgrund des Urteils erst 1987 modifiziert durchgef\u00fchrte\u00a0Volksz\u00e4hlung in der Bundesrepublik Deutschland. Kernaussage Die Anerkennung des informationellen Selbstbestimmungsrechts als vom Grundgesetz gesch\u00fctztes Gut &hellip; <a href=\"https:\/\/www.iitr.de\/blog\/volkszaehlungsurteil\/\" class=\"more-link\"><span class=\"screen-reader-text\">Volksz\u00e4hlungsurteil<\/span> weiterlesen<\/a><\/p>\n","protected":false},"author":14,"featured_media":0,"parent":0,"menu_order":0,"comment_status":"closed","ping_status":"closed","template":"","meta":{"_acf_changed":false,"footnotes":""},"class_list":["post-22649","page","type-page","status-publish","hentry"],"acf":[],"yoast_head":"<!-- This site is optimized with the Yoast SEO plugin v27.5 - https:\/\/yoast.com\/product\/yoast-seo-wordpress\/ -->\n<title>Volksz\u00e4hlungsurteil - IITR<\/title>\n<meta name=\"description\" content=\"Das Volksz\u00e4hlungsurteil ist eine Grundsatzentscheidung des Bundesverfassungsgerichts vom 15.\u00a0Dezember 1983,\u00a0mit der das\u00a0Grundrecht\u00a0auf\u00a0informationelle\" \/>\n<meta name=\"robots\" content=\"index, follow, max-snippet:-1, max-image-preview:large, max-video-preview:-1\" \/>\n<link rel=\"canonical\" href=\"https:\/\/www.iitr.de\/blog\/volkszaehlungsurteil\/\" \/>\n<meta property=\"og:locale\" content=\"de_DE\" \/>\n<meta property=\"og:type\" content=\"article\" \/>\n<meta property=\"og:title\" content=\"Volksz\u00e4hlungsurteil - IITR\" \/>\n<meta property=\"og:description\" content=\"Das Volksz\u00e4hlungsurteil ist eine Grundsatzentscheidung des Bundesverfassungsgerichts vom 15.\u00a0Dezember 1983,\u00a0mit der das\u00a0Grundrecht\u00a0auf\u00a0informationelle\" \/>\n<meta property=\"og:url\" content=\"https:\/\/www.iitr.de\/blog\/volkszaehlungsurteil\/\" \/>\n<meta property=\"og:site_name\" content=\"Das Datenschutz-Blog\" \/>\n<meta name=\"twitter:card\" content=\"summary_large_image\" \/>\n<meta name=\"twitter:site\" content=\"@sebkraska\" \/>\n<meta name=\"twitter:label1\" content=\"Gesch\u00e4tzte Lesezeit\" \/>\n\t<meta name=\"twitter:data1\" content=\"3\u00a0Minuten\" \/>\n<script type=\"application\/ld+json\" class=\"yoast-schema-graph\">{\"@context\":\"https:\\\/\\\/schema.org\",\"@graph\":[{\"@type\":\"WebPage\",\"@id\":\"https:\\\/\\\/www.iitr.de\\\/blog\\\/volkszaehlungsurteil\\\/\",\"url\":\"https:\\\/\\\/www.iitr.de\\\/blog\\\/volkszaehlungsurteil\\\/\",\"name\":\"Volksz\u00e4hlungsurteil - IITR\",\"isPartOf\":{\"@id\":\"https:\\\/\\\/www.iitr.de\\\/blog\\\/#website\"},\"datePublished\":\"2025-06-02T11:41:35+00:00\",\"description\":\"Das Volksz\u00e4hlungsurteil ist eine Grundsatzentscheidung des Bundesverfassungsgerichts vom 15.\u00a0Dezember 1983,\u00a0mit der das\u00a0Grundrecht\u00a0auf\u00a0informationelle\",\"breadcrumb\":{\"@id\":\"https:\\\/\\\/www.iitr.de\\\/blog\\\/volkszaehlungsurteil\\\/#breadcrumb\"},\"inLanguage\":\"de\",\"potentialAction\":[{\"@type\":\"ReadAction\",\"target\":[\"https:\\\/\\\/www.iitr.de\\\/blog\\\/volkszaehlungsurteil\\\/\"]}]},{\"@type\":\"BreadcrumbList\",\"@id\":\"https:\\\/\\\/www.iitr.de\\\/blog\\\/volkszaehlungsurteil\\\/#breadcrumb\",\"itemListElement\":[{\"@type\":\"ListItem\",\"position\":1,\"name\":\"Startseite\",\"item\":\"https:\\\/\\\/www.iitr.de\\\/blog\\\/\"},{\"@type\":\"ListItem\",\"position\":2,\"name\":\"Volksz\u00e4hlungsurteil\"}]},{\"@type\":\"WebSite\",\"@id\":\"https:\\\/\\\/www.iitr.de\\\/blog\\\/#website\",\"url\":\"https:\\\/\\\/www.iitr.de\\\/blog\\\/\",\"name\":\"Das Datenschutz-Blog\",\"description\":\"IITR\",\"publisher\":{\"@id\":\"https:\\\/\\\/www.iitr.de\\\/blog\\\/#organization\"},\"potentialAction\":[{\"@type\":\"SearchAction\",\"target\":{\"@type\":\"EntryPoint\",\"urlTemplate\":\"https:\\\/\\\/www.iitr.de\\\/blog\\\/?s={search_term_string}\"},\"query-input\":{\"@type\":\"PropertyValueSpecification\",\"valueRequired\":true,\"valueName\":\"search_term_string\"}}],\"inLanguage\":\"de\"},{\"@type\":\"Organization\",\"@id\":\"https:\\\/\\\/www.iitr.de\\\/blog\\\/#organization\",\"name\":\"IITR Datenschutz GmbH\",\"url\":\"https:\\\/\\\/www.iitr.de\\\/blog\\\/\",\"logo\":{\"@type\":\"ImageObject\",\"inLanguage\":\"de\",\"@id\":\"https:\\\/\\\/www.iitr.de\\\/blog\\\/#\\\/schema\\\/logo\\\/image\\\/\",\"url\":\"https:\\\/\\\/www.iitr.de\\\/blog\\\/wp-content\\\/uploads\\\/2020\\\/09\\\/externer-datenschutzbeauftragter-iitr-gross.jpg\",\"contentUrl\":\"https:\\\/\\\/www.iitr.de\\\/blog\\\/wp-content\\\/uploads\\\/2020\\\/09\\\/externer-datenschutzbeauftragter-iitr-gross.jpg\",\"width\":294,\"height\":100,\"caption\":\"IITR Datenschutz GmbH\"},\"image\":{\"@id\":\"https:\\\/\\\/www.iitr.de\\\/blog\\\/#\\\/schema\\\/logo\\\/image\\\/\"},\"sameAs\":[\"https:\\\/\\\/x.com\\\/sebkraska\",\"https:\\\/\\\/www.youtube.com\\\/user\\\/datenschutzvideos\\\/\"]}]}<\/script>\n<!-- \/ Yoast SEO plugin. -->","yoast_head_json":{"title":"Volksz\u00e4hlungsurteil - IITR","description":"Das Volksz\u00e4hlungsurteil ist eine Grundsatzentscheidung des Bundesverfassungsgerichts vom 15.\u00a0Dezember 1983,\u00a0mit der das\u00a0Grundrecht\u00a0auf\u00a0informationelle","robots":{"index":"index","follow":"follow","max-snippet":"max-snippet:-1","max-image-preview":"max-image-preview:large","max-video-preview":"max-video-preview:-1"},"canonical":"https:\/\/www.iitr.de\/blog\/volkszaehlungsurteil\/","og_locale":"de_DE","og_type":"article","og_title":"Volksz\u00e4hlungsurteil - IITR","og_description":"Das Volksz\u00e4hlungsurteil ist eine Grundsatzentscheidung des Bundesverfassungsgerichts vom 15.\u00a0Dezember 1983,\u00a0mit der das\u00a0Grundrecht\u00a0auf\u00a0informationelle","og_url":"https:\/\/www.iitr.de\/blog\/volkszaehlungsurteil\/","og_site_name":"Das Datenschutz-Blog","twitter_card":"summary_large_image","twitter_site":"@sebkraska","twitter_misc":{"Gesch\u00e4tzte Lesezeit":"3\u00a0Minuten"},"schema":{"@context":"https:\/\/schema.org","@graph":[{"@type":"WebPage","@id":"https:\/\/www.iitr.de\/blog\/volkszaehlungsurteil\/","url":"https:\/\/www.iitr.de\/blog\/volkszaehlungsurteil\/","name":"Volksz\u00e4hlungsurteil - IITR","isPartOf":{"@id":"https:\/\/www.iitr.de\/blog\/#website"},"datePublished":"2025-06-02T11:41:35+00:00","description":"Das Volksz\u00e4hlungsurteil ist eine Grundsatzentscheidung des Bundesverfassungsgerichts vom 15.\u00a0Dezember 1983,\u00a0mit der das\u00a0Grundrecht\u00a0auf\u00a0informationelle","breadcrumb":{"@id":"https:\/\/www.iitr.de\/blog\/volkszaehlungsurteil\/#breadcrumb"},"inLanguage":"de","potentialAction":[{"@type":"ReadAction","target":["https:\/\/www.iitr.de\/blog\/volkszaehlungsurteil\/"]}]},{"@type":"BreadcrumbList","@id":"https:\/\/www.iitr.de\/blog\/volkszaehlungsurteil\/#breadcrumb","itemListElement":[{"@type":"ListItem","position":1,"name":"Startseite","item":"https:\/\/www.iitr.de\/blog\/"},{"@type":"ListItem","position":2,"name":"Volksz\u00e4hlungsurteil"}]},{"@type":"WebSite","@id":"https:\/\/www.iitr.de\/blog\/#website","url":"https:\/\/www.iitr.de\/blog\/","name":"Das Datenschutz-Blog","description":"IITR","publisher":{"@id":"https:\/\/www.iitr.de\/blog\/#organization"},"potentialAction":[{"@type":"SearchAction","target":{"@type":"EntryPoint","urlTemplate":"https:\/\/www.iitr.de\/blog\/?s={search_term_string}"},"query-input":{"@type":"PropertyValueSpecification","valueRequired":true,"valueName":"search_term_string"}}],"inLanguage":"de"},{"@type":"Organization","@id":"https:\/\/www.iitr.de\/blog\/#organization","name":"IITR Datenschutz GmbH","url":"https:\/\/www.iitr.de\/blog\/","logo":{"@type":"ImageObject","inLanguage":"de","@id":"https:\/\/www.iitr.de\/blog\/#\/schema\/logo\/image\/","url":"https:\/\/www.iitr.de\/blog\/wp-content\/uploads\/2020\/09\/externer-datenschutzbeauftragter-iitr-gross.jpg","contentUrl":"https:\/\/www.iitr.de\/blog\/wp-content\/uploads\/2020\/09\/externer-datenschutzbeauftragter-iitr-gross.jpg","width":294,"height":100,"caption":"IITR Datenschutz GmbH"},"image":{"@id":"https:\/\/www.iitr.de\/blog\/#\/schema\/logo\/image\/"},"sameAs":["https:\/\/x.com\/sebkraska","https:\/\/www.youtube.com\/user\/datenschutzvideos\/"]}]}},"_links":{"self":[{"href":"https:\/\/www.iitr.de\/blog\/wp-json\/wp\/v2\/pages\/22649","targetHints":{"allow":["GET"]}}],"collection":[{"href":"https:\/\/www.iitr.de\/blog\/wp-json\/wp\/v2\/pages"}],"about":[{"href":"https:\/\/www.iitr.de\/blog\/wp-json\/wp\/v2\/types\/page"}],"author":[{"embeddable":true,"href":"https:\/\/www.iitr.de\/blog\/wp-json\/wp\/v2\/users\/14"}],"replies":[{"embeddable":true,"href":"https:\/\/www.iitr.de\/blog\/wp-json\/wp\/v2\/comments?post=22649"}],"version-history":[{"count":1,"href":"https:\/\/www.iitr.de\/blog\/wp-json\/wp\/v2\/pages\/22649\/revisions"}],"predecessor-version":[{"id":22650,"href":"https:\/\/www.iitr.de\/blog\/wp-json\/wp\/v2\/pages\/22649\/revisions\/22650"}],"wp:attachment":[{"href":"https:\/\/www.iitr.de\/blog\/wp-json\/wp\/v2\/media?parent=22649"}],"curies":[{"name":"wp","href":"https:\/\/api.w.org\/{rel}","templated":true}]}}